{"id":605,"date":"2021-02-16T12:14:55","date_gmt":"2021-02-16T11:14:55","guid":{"rendered":"http:\/\/2021.favorite-mainz.de\/?page_id=605"},"modified":"2025-05-20T08:29:10","modified_gmt":"2025-05-20T06:29:10","slug":"agb","status":"publish","type":"page","link":"https:\/\/www.hofgut-laubenheimer-hoehe.de\/en\/agb\/","title":{"rendered":"TERMS &amp; CONDITIONS"},"content":{"rendered":"<div data-elementor-type=\"wp-page\" data-elementor-id=\"605\" class=\"elementor elementor-605\" data-elementor-settings=\"{&quot;ha_cmc_init_switcher&quot;:&quot;no&quot;}\" data-elementor-post-type=\"page\">\n\t\t\t\t\t\t<section class=\"elementor-section elementor-top-section elementor-element elementor-element-b23791c elementor-section-boxed elementor-section-height-default elementor-section-height-default\" data-id=\"b23791c\" data-element_type=\"section\" data-e-type=\"section\" data-settings=\"{&quot;_ha_eqh_enable&quot;:false}\">\n\t\t\t\t\t\t<div class=\"elementor-container elementor-column-gap-default\">\n\t\t\t\t\t<div class=\"elementor-column elementor-col-100 elementor-top-column elementor-element elementor-element-1a1a6a7\" data-id=\"1a1a6a7\" data-element_type=\"column\" data-e-type=\"column\">\n\t\t\t<div class=\"elementor-widget-wrap elementor-element-populated\">\n\t\t\t\t\t\t<div class=\"elementor-element elementor-element-e8d53c5 elementor-widget elementor-widget-heading\" data-id=\"e8d53c5\" data-element_type=\"widget\" data-e-type=\"widget\" data-widget_type=\"heading.default\">\n\t\t\t\t<div class=\"elementor-widget-container\">\n\t\t\t\t\t<h1 class=\"elementor-heading-title elementor-size-default\">Unsere Allgemeinen Gesch\u00e4ftsbedingungen<\/h1>\t\t\t\t<\/div>\n\t\t\t\t<\/div>\n\t\t\t\t<div class=\"elementor-element elementor-element-6ca7dc8 elementor-widget elementor-widget-button\" data-id=\"6ca7dc8\" data-element_type=\"widget\" data-e-type=\"widget\" data-widget_type=\"button.default\">\n\t\t\t\t<div class=\"elementor-widget-container\">\n\t\t\t\t\t\t\t\t\t<div class=\"elementor-button-wrapper\">\n\t\t\t\t\t<a class=\"elementor-button elementor-button-link elementor-size-sm\" href=\"https:\/\/www.favorite-mainz.de\/wp-content\/uploads\/2024\/03\/Allgemeine-Geschaeftsbedingungen-fuer-Caterings-FAVORITE-parkhotel-GmbH-1-Stand-27.03.pdf\" target=\"_blank\" rel=\"noopener\">\n\t\t\t\t\t\t<span class=\"elementor-button-content-wrapper\">\n\t\t\t\t\t\t\t\t\t<span class=\"elementor-button-text\">Allgemeine Gesch\u00e4ftsbedingungen<br> f\u00fcr Caterings FAVORITE parkhotel GmbH<\/span>\n\t\t\t\t\t<\/span>\n\t\t\t\t\t<\/a>\n\t\t\t\t<\/div>\n\t\t\t\t\t\t\t\t<\/div>\n\t\t\t\t<\/div>\n\t\t\t\t<div class=\"elementor-element elementor-element-42e5958 elementor-widget elementor-widget-button\" data-id=\"42e5958\" data-element_type=\"widget\" data-e-type=\"widget\" data-widget_type=\"button.default\">\n\t\t\t\t<div class=\"elementor-widget-container\">\n\t\t\t\t\t\t\t\t\t<div class=\"elementor-button-wrapper\">\n\t\t\t\t\t<a class=\"elementor-button elementor-button-link elementor-size-sm\" href=\"https:\/\/www.hofgut-laubenheimer-hoehe.de\/wp-content\/uploads\/2025\/01\/Allgemeine-Geschaeftsbedingungen-fuer-den-Hotelaufnahmevertrag-Stand-22.01.2025.pdf\">\n\t\t\t\t\t\t<span class=\"elementor-button-content-wrapper\">\n\t\t\t\t\t\t\t\t\t<span class=\"elementor-button-text\">Allgemeine Gesch\u00e4ftsbedingungen<br> f\u00fcr den Hotelaufnahmevertrag<\/span>\n\t\t\t\t\t<\/span>\n\t\t\t\t\t<\/a>\n\t\t\t\t<\/div>\n\t\t\t\t\t\t\t\t<\/div>\n\t\t\t\t<\/div>\n\t\t\t\t<div class=\"elementor-element elementor-element-0827349 elementor-widget elementor-widget-button\" data-id=\"0827349\" data-element_type=\"widget\" data-e-type=\"widget\" data-widget_type=\"button.default\">\n\t\t\t\t<div class=\"elementor-widget-container\">\n\t\t\t\t\t\t\t\t\t<div class=\"elementor-button-wrapper\">\n\t\t\t\t\t<a class=\"elementor-button elementor-button-link elementor-size-sm\" href=\"https:\/\/www.hofgut-laubenheimer-hoehe.de\/wp-content\/uploads\/2025\/05\/Allgemeine-Geschaeftsbedingungen-fuer-Veranstaltungen-auf-dem-Hofgut-Stand-20.05.2025.pdf\">\n\t\t\t\t\t\t<span class=\"elementor-button-content-wrapper\">\n\t\t\t\t\t\t\t\t\t<span class=\"elementor-button-text\">Allgemeine Gesch\u00e4ftsbedingungen<br> f\u00fcr Veranstaltungen auf dem Hofgut<\/span>\n\t\t\t\t\t<\/span>\n\t\t\t\t\t<\/a>\n\t\t\t\t<\/div>\n\t\t\t\t\t\t\t\t<\/div>\n\t\t\t\t<\/div>\n\t\t\t\t<div class=\"elementor-element elementor-element-40ec286 elementor-widget elementor-widget-button\" data-id=\"40ec286\" data-element_type=\"widget\" data-e-type=\"widget\" data-widget_type=\"button.default\">\n\t\t\t\t<div class=\"elementor-widget-container\">\n\t\t\t\t\t\t\t\t\t<div class=\"elementor-button-wrapper\">\n\t\t\t\t\t<a class=\"elementor-button elementor-button-link elementor-size-sm\" href=\"https:\/\/www.favorite-mainz.de\/wp-content\/uploads\/2024\/03\/Allgemeine-Geschaeftsbedingungen-fuer-Veranstaltungen-im-FAVORITE-parkhotel-Stand-27.03.pdf\" target=\"_blank\" rel=\"noopener\">\n\t\t\t\t\t\t<span class=\"elementor-button-content-wrapper\">\n\t\t\t\t\t\t\t\t\t<span class=\"elementor-button-text\">Allgemeine Gesch\u00e4ftsbedingungen<br> f\u00fcr Veranstaltungen im Favorite Parkhotel<\/span>\n\t\t\t\t\t<\/span>\n\t\t\t\t\t<\/a>\n\t\t\t\t<\/div>\n\t\t\t\t\t\t\t\t<\/div>\n\t\t\t\t<\/div>\n\t\t\t\t\t<\/div>\n\t\t<\/div>\n\t\t\t\t\t<\/div>\n\t\t<\/section>\n\t\t\t\t<\/div>","protected":false},"excerpt":{"rendered":"<p>Unsere Allgemeinen Gesch\u00e4ftsbedingungen Allgemeine Gesch\u00e4ftsbedingungen f\u00fcr Caterings FAVORITE parkhotel GmbH Allgemeine Gesch\u00e4ftsbedingungen f\u00fcr den Hotelaufnahmevertrag Allgemeine Gesch\u00e4ftsbedingungen f\u00fcr Veranstaltungen auf dem Hofgut Allgemeine Gesch\u00e4ftsbedingungen f\u00fcr Veranstaltungen im Favorite Parkhotel<\/p>","protected":false},"author":5,"featured_media":0,"parent":0,"menu_order":0,"comment_status":"closed","ping_status":"closed","template":"elementor_header_footer","meta":{"footnotes":""},"class_list":["post-605","page","type-page","status-publish","hentry"],"_links":{"self":[{"href":"https:\/\/www.hofgut-laubenheimer-hoehe.de\/en\/wp-json\/wp\/v2\/pages\/605","targetHints":{"allow":["GET"]}}],"collection":[{"href":"https:\/\/www.hofgut-laubenheimer-hoehe.de\/en\/wp-json\/wp\/v2\/pages"}],"about":[{"href":"https:\/\/www.hofgut-laubenheimer-hoehe.de\/en\/wp-json\/wp\/v2\/types\/page"}],"author":[{"embeddable":true,"href":"https:\/\/www.hofgut-laubenheimer-hoehe.de\/en\/wp-json\/wp\/v2\/users\/5"}],"replies":[{"embeddable":true,"href":"https:\/\/www.hofgut-laubenheimer-hoehe.de\/en\/wp-json\/wp\/v2\/comments?post=605"}],"version-history":[{"count":103,"href":"https:\/\/www.hofgut-laubenheimer-hoehe.de\/en\/wp-json\/wp\/v2\/pages\/605\/revisions"}],"predecessor-version":[{"id":20671,"href":"https:\/\/www.hofgut-laubenheimer-hoehe.de\/en\/wp-json\/wp\/v2\/pages\/605\/revisions\/20671"}],"wp:attachment":[{"href":"https:\/\/www.hofgut-laubenheimer-hoehe.de\/en\/wp-json\/wp\/v2\/media?parent=605"}],"curies":[{"name":"wp","href":"https:\/\/api.w.org\/{rel}","templated":true}]}}